{"id":631,"date":"2023-02-15T13:09:56","date_gmt":"2023-02-15T12:09:56","guid":{"rendered":"https:\/\/pac-interiors.be\/producten\/non%20class\u00e9\/olymp-mellow-sur-pied-disque\/"},"modified":"2025-10-29T15:39:07","modified_gmt":"2025-10-29T14:39:07","slug":"fauteuil-de-coiffure-olymp-mellow-base-ronde","status":"publish","type":"product","link":"https:\/\/pac-interiors.be\/fr\/produits\/fauteuils-de-coiffure\/fauteuil-de-coiffure-olymp-mellow-base-ronde\/","title":{"rendered":"Fauteuil de coiffure OLYMP &#8211; Mellow base ronde"},"content":{"rendered":"<p>Olymp existe depuis plus de 115 ans et est r\u00e9put\u00e9 pour sa qualit\u00e9 sup\u00e9rieure allemande ! Toutes les pi\u00e8ces sont disponibles et garantissent donc une tr\u00e8s longue dur\u00e9e de vie aux produits, qui pr\u00e9sentent en outre peu de d\u00e9fauts.<\/p>\n<p>Le mod\u00e8le pr\u00e9sent\u00e9 peut \u00eatre command\u00e9 imm\u00e9diatement via cette boutique en ligne en 9 couleurs diff\u00e9rentes. D&rsquo;autres couleurs (jusqu&rsquo;\u00e0 40 diff\u00e9rentes !) peuvent \u00e9galement \u00eatre command\u00e9es, n&rsquo;h\u00e9sitez pas \u00e0 nous demander la couleur que vous souhaitez !<\/p>\n<p>Le prix ne comprend pas la TVA, la livraison et l&rsquo;installation.<\/p>\n","protected":false},"excerpt":{"rendered":"<p>Ce Mellow est imbattable en termes de confort par rapport au prix.<br \/>\nUne belle chaise design compos\u00e9e d&rsquo;un ensemble avec dossier fixe.<\/p>\n<p>Ici, le Mellow est pr\u00e9sent\u00e9 avec un pied rond, mais il est \u00e9galement disponible avec un pied en \u00e9toile.<\/p>\n<p>Diff\u00e9rentes couleurs sont possibles ! Nous en avons s\u00e9lectionn\u00e9 9 qui sont disponibles pour une commande imm\u00e9diate, n&rsquo;h\u00e9sitez pas \u00e0 nous contacter si vous souhaitez conna\u00eetre les autres couleurs possibles !<\/p>\n<p>Le prix ne comprend pas la TVA, la livraison et l&rsquo;installation.<\/p>\n<p><img fetchpriority=\"high\" decoding=\"async\" class=\"alignleft size-medium wp-image-2722\" src=\"https:\/\/pac-interiors.be\/media\/Olymp-kleuren-660x660.jpg\" alt=\"\" width=\"660\" height=\"660\" srcset=\"https:\/\/pac-interiors.be\/media\/Olymp-kleuren-660x660.jpg 660w, https:\/\/pac-interiors.be\/media\/Olymp-kleuren-1320x1320.jpg 1320w, https:\/\/pac-interiors.be\/media\/Olymp-kleuren-150x150.jpg 150w, https:\/\/pac-interiors.be\/media\/Olymp-kleuren-768x768.jpg 768w, https:\/\/pac-interiors.be\/media\/Olymp-kleuren-1536x1536.jpg 1536w, https:\/\/pac-interiors.be\/media\/Olymp-kleuren-324x324.jpg 324w, https:\/\/pac-interiors.be\/media\/Olymp-kleuren-512x512.jpg 512w, https:\/\/pac-interiors.be\/media\/Olymp-kleuren-100x100.jpg 100w\" sizes=\"(max-width: 660px) 100vw, 660px\" \/><\/p>\n","protected":false},"featured_media":63,"template":"","meta":{"_acf_changed":false},"product_brand":[],"product_cat":[61],"product_tag":[68],"class_list":{"0":"post-631","1":"product","2":"type-product","3":"status-publish","4":"has-post-thumbnail","6":"product_cat-fauteuils-de-coiffure","7":"product_tag-pied-disque","8":"pa_brand-olymp-fr","10":"first","11":"instock","12":"sale","13":"taxable","14":"shipping-taxable","15":"purchasable","16":"product-type-variable"},"acf":[],"yoast_head":"<!-- This site is optimized with the Yoast SEO plugin v27.3 - https:\/\/yoast.com\/product\/yoast-seo-wordpress\/ -->\n<title>Fauteuil de coiffure OLYMP - Mellow base ronde - PAC interiors<\/title>\n<meta name=\"robots\" content=\"index, follow, max-snippet:-1, max-image-preview:large, max-video-preview:-1\" \/>\n<link rel=\"canonical\" href=\"https:\/\/pac-interiors.be\/fr\/produits\/fauteuils-de-coiffure\/fauteuil-de-coiffure-olymp-mellow-base-ronde\/\" \/>\n<meta property=\"og:locale\" content=\"fr_FR\" \/>\n<meta property=\"og:type\" content=\"article\" \/>\n<meta property=\"og:title\" content=\"Fauteuil de coiffure OLYMP - Mellow base ronde - PAC interiors\" \/>\n<meta property=\"og:description\" content=\"Ce Mellow est imbattable en termes de confort par rapport au prix. Une belle chaise design compos\u00e9e d&#039;un ensemble avec dossier fixe.  Ici, le Mellow est pr\u00e9sent\u00e9 avec un pied rond, mais il est \u00e9galement disponible avec un pied en \u00e9toile.  Diff\u00e9rentes couleurs sont possibles ! Nous en avons s\u00e9lectionn\u00e9 9 qui sont disponibles pour une commande imm\u00e9diate, n&#039;h\u00e9sitez pas \u00e0 nous contacter si vous souhaitez conna\u00eetre les autres couleurs possibles !  Le prix ne comprend pas la TVA, la livraison et l&#039;installation.\" \/>\n<meta property=\"og:url\" content=\"https:\/\/pac-interiors.be\/fr\/produits\/fauteuils-de-coiffure\/fauteuil-de-coiffure-olymp-mellow-base-ronde\/\" \/>\n<meta property=\"og:site_name\" content=\"PAC interiors\" \/>\n<meta property=\"article:modified_time\" content=\"2025-10-29T14:39:07+00:00\" \/>\n<meta property=\"og:image\" content=\"https:\/\/pac-interiors.be\/media\/PAC_Olymp_WEB_Producten-07-1.jpg\" \/>\n\t<meta property=\"og:image:width\" content=\"1111\" \/>\n\t<meta property=\"og:image:height\" content=\"1111\" \/>\n\t<meta property=\"og:image:type\" content=\"image\/jpeg\" \/>\n<meta name=\"twitter:card\" content=\"summary_large_image\" \/>\n<meta name=\"twitter:label1\" content=\"Dur\u00e9e de lecture est.\" \/>\n\t<meta name=\"twitter:data1\" content=\"1 minute\" \/>\n<script type=\"application\/ld+json\" class=\"yoast-schema-graph\">{\"@context\":\"https:\\\/\\\/schema.org\",\"@graph\":[{\"@type\":[\"WebPage\",\"ItemPage\"],\"@id\":\"https:\\\/\\\/pac-interiors.be\\\/fr\\\/produits\\\/fauteuils-de-coiffure\\\/fauteuil-de-coiffure-olymp-mellow-base-ronde\\\/\",\"url\":\"https:\\\/\\\/pac-interiors.be\\\/fr\\\/produits\\\/fauteuils-de-coiffure\\\/fauteuil-de-coiffure-olymp-mellow-base-ronde\\\/\",\"name\":\"Fauteuil de coiffure OLYMP - Mellow base ronde - PAC interiors\",\"isPartOf\":{\"@id\":\"https:\\\/\\\/pac-interiors.be\\\/fr\\\/#website\"},\"primaryImageOfPage\":{\"@id\":\"https:\\\/\\\/pac-interiors.be\\\/fr\\\/produits\\\/fauteuils-de-coiffure\\\/fauteuil-de-coiffure-olymp-mellow-base-ronde\\\/#primaryimage\"},\"image\":{\"@id\":\"https:\\\/\\\/pac-interiors.be\\\/fr\\\/produits\\\/fauteuils-de-coiffure\\\/fauteuil-de-coiffure-olymp-mellow-base-ronde\\\/#primaryimage\"},\"thumbnailUrl\":\"https:\\\/\\\/pac-interiors.be\\\/media\\\/PAC_Olymp_WEB_Producten-07-1.jpg\",\"datePublished\":\"2023-02-15T12:09:56+00:00\",\"dateModified\":\"2025-10-29T14:39:07+00:00\",\"breadcrumb\":{\"@id\":\"https:\\\/\\\/pac-interiors.be\\\/fr\\\/produits\\\/fauteuils-de-coiffure\\\/fauteuil-de-coiffure-olymp-mellow-base-ronde\\\/#breadcrumb\"},\"inLanguage\":\"fr-BE\",\"potentialAction\":[{\"@type\":\"ReadAction\",\"target\":[\"https:\\\/\\\/pac-interiors.be\\\/fr\\\/produits\\\/fauteuils-de-coiffure\\\/fauteuil-de-coiffure-olymp-mellow-base-ronde\\\/\"]}]},{\"@type\":\"ImageObject\",\"inLanguage\":\"fr-BE\",\"@id\":\"https:\\\/\\\/pac-interiors.be\\\/fr\\\/produits\\\/fauteuils-de-coiffure\\\/fauteuil-de-coiffure-olymp-mellow-base-ronde\\\/#primaryimage\",\"url\":\"https:\\\/\\\/pac-interiors.be\\\/media\\\/PAC_Olymp_WEB_Producten-07-1.jpg\",\"contentUrl\":\"https:\\\/\\\/pac-interiors.be\\\/media\\\/PAC_Olymp_WEB_Producten-07-1.jpg\",\"width\":1111,\"height\":1111,\"caption\":\"Mellow chaise de coiffure PAC interiors\"},{\"@type\":\"BreadcrumbList\",\"@id\":\"https:\\\/\\\/pac-interiors.be\\\/fr\\\/produits\\\/fauteuils-de-coiffure\\\/fauteuil-de-coiffure-olymp-mellow-base-ronde\\\/#breadcrumb\",\"itemListElement\":[{\"@type\":\"ListItem\",\"position\":1,\"name\":\"Home\",\"item\":\"https:\\\/\\\/pac-interiors.be\\\/fr\\\/\"},{\"@type\":\"ListItem\",\"position\":2,\"name\":\"Webshop\",\"item\":\"https:\\\/\\\/pac-interiors.be\\\/fr\\\/produits\\\/\"},{\"@type\":\"ListItem\",\"position\":3,\"name\":\"Fauteuils de coiffure\",\"item\":\"https:\\\/\\\/pac-interiors.be\\\/fr\\\/produits\\\/fauteuils-de-coiffure\\\/\"},{\"@type\":\"ListItem\",\"position\":4,\"name\":\"Fauteuil de coiffure OLYMP &#8211; Mellow base ronde\"}]},{\"@type\":\"WebSite\",\"@id\":\"https:\\\/\\\/pac-interiors.be\\\/fr\\\/#website\",\"url\":\"https:\\\/\\\/pac-interiors.be\\\/fr\\\/\",\"name\":\"PAC interiors\",\"description\":\"Kapsalon inrichtingen, winkelinrichtingen en inrichting van schoonheidssalons\",\"publisher\":{\"@id\":\"https:\\\/\\\/pac-interiors.be\\\/fr\\\/#organization\"},\"alternateName\":\"PAC\",\"potentialAction\":[{\"@type\":\"SearchAction\",\"target\":{\"@type\":\"EntryPoint\",\"urlTemplate\":\"https:\\\/\\\/pac-interiors.be\\\/fr\\\/?s={search_term_string}\"},\"query-input\":{\"@type\":\"PropertyValueSpecification\",\"valueRequired\":true,\"valueName\":\"search_term_string\"}}],\"inLanguage\":\"fr-BE\"},{\"@type\":\"Organization\",\"@id\":\"https:\\\/\\\/pac-interiors.be\\\/fr\\\/#organization\",\"name\":\"PAC Interiors\",\"alternateName\":\"PAC\",\"url\":\"https:\\\/\\\/pac-interiors.be\\\/fr\\\/\",\"logo\":{\"@type\":\"ImageObject\",\"inLanguage\":\"fr-BE\",\"@id\":\"https:\\\/\\\/pac-interiors.be\\\/fr\\\/#\\\/schema\\\/logo\\\/image\\\/\",\"url\":\"https:\\\/\\\/pac-interiors.be\\\/media\\\/pac.svg\",\"contentUrl\":\"https:\\\/\\\/pac-interiors.be\\\/media\\\/pac.svg\",\"caption\":\"PAC Interiors\"},\"image\":{\"@id\":\"https:\\\/\\\/pac-interiors.be\\\/fr\\\/#\\\/schema\\\/logo\\\/image\\\/\"}}]}<\/script>\n<!-- \/ Yoast SEO plugin. -->","yoast_head_json":{"title":"Fauteuil de coiffure OLYMP - Mellow base ronde - PAC interiors","robots":{"index":"index","follow":"follow","max-snippet":"max-snippet:-1","max-image-preview":"max-image-preview:large","max-video-preview":"max-video-preview:-1"},"canonical":"https:\/\/pac-interiors.be\/fr\/produits\/fauteuils-de-coiffure\/fauteuil-de-coiffure-olymp-mellow-base-ronde\/","og_locale":"fr_FR","og_type":"article","og_title":"Fauteuil de coiffure OLYMP - Mellow base ronde - PAC interiors","og_description":"Ce Mellow est imbattable en termes de confort par rapport au prix. Une belle chaise design compos\u00e9e d'un ensemble avec dossier fixe.  Ici, le Mellow est pr\u00e9sent\u00e9 avec un pied rond, mais il est \u00e9galement disponible avec un pied en \u00e9toile.  Diff\u00e9rentes couleurs sont possibles ! Nous en avons s\u00e9lectionn\u00e9 9 qui sont disponibles pour une commande imm\u00e9diate, n'h\u00e9sitez pas \u00e0 nous contacter si vous souhaitez conna\u00eetre les autres couleurs possibles !  Le prix ne comprend pas la TVA, la livraison et l'installation.","og_url":"https:\/\/pac-interiors.be\/fr\/produits\/fauteuils-de-coiffure\/fauteuil-de-coiffure-olymp-mellow-base-ronde\/","og_site_name":"PAC interiors","article_modified_time":"2025-10-29T14:39:07+00:00","og_image":[{"width":1111,"height":1111,"url":"https:\/\/pac-interiors.be\/media\/PAC_Olymp_WEB_Producten-07-1.jpg","type":"image\/jpeg"}],"twitter_card":"summary_large_image","twitter_misc":{"Dur\u00e9e de lecture est.":"1 minute"},"schema":{"@context":"https:\/\/schema.org","@graph":[{"@type":["WebPage","ItemPage"],"@id":"https:\/\/pac-interiors.be\/fr\/produits\/fauteuils-de-coiffure\/fauteuil-de-coiffure-olymp-mellow-base-ronde\/","url":"https:\/\/pac-interiors.be\/fr\/produits\/fauteuils-de-coiffure\/fauteuil-de-coiffure-olymp-mellow-base-ronde\/","name":"Fauteuil de coiffure OLYMP - Mellow base ronde - PAC interiors","isPartOf":{"@id":"https:\/\/pac-interiors.be\/fr\/#website"},"primaryImageOfPage":{"@id":"https:\/\/pac-interiors.be\/fr\/produits\/fauteuils-de-coiffure\/fauteuil-de-coiffure-olymp-mellow-base-ronde\/#primaryimage"},"image":{"@id":"https:\/\/pac-interiors.be\/fr\/produits\/fauteuils-de-coiffure\/fauteuil-de-coiffure-olymp-mellow-base-ronde\/#primaryimage"},"thumbnailUrl":"https:\/\/pac-interiors.be\/media\/PAC_Olymp_WEB_Producten-07-1.jpg","datePublished":"2023-02-15T12:09:56+00:00","dateModified":"2025-10-29T14:39:07+00:00","breadcrumb":{"@id":"https:\/\/pac-interiors.be\/fr\/produits\/fauteuils-de-coiffure\/fauteuil-de-coiffure-olymp-mellow-base-ronde\/#breadcrumb"},"inLanguage":"fr-BE","potentialAction":[{"@type":"ReadAction","target":["https:\/\/pac-interiors.be\/fr\/produits\/fauteuils-de-coiffure\/fauteuil-de-coiffure-olymp-mellow-base-ronde\/"]}]},{"@type":"ImageObject","inLanguage":"fr-BE","@id":"https:\/\/pac-interiors.be\/fr\/produits\/fauteuils-de-coiffure\/fauteuil-de-coiffure-olymp-mellow-base-ronde\/#primaryimage","url":"https:\/\/pac-interiors.be\/media\/PAC_Olymp_WEB_Producten-07-1.jpg","contentUrl":"https:\/\/pac-interiors.be\/media\/PAC_Olymp_WEB_Producten-07-1.jpg","width":1111,"height":1111,"caption":"Mellow chaise de coiffure PAC interiors"},{"@type":"BreadcrumbList","@id":"https:\/\/pac-interiors.be\/fr\/produits\/fauteuils-de-coiffure\/fauteuil-de-coiffure-olymp-mellow-base-ronde\/#breadcrumb","itemListElement":[{"@type":"ListItem","position":1,"name":"Home","item":"https:\/\/pac-interiors.be\/fr\/"},{"@type":"ListItem","position":2,"name":"Webshop","item":"https:\/\/pac-interiors.be\/fr\/produits\/"},{"@type":"ListItem","position":3,"name":"Fauteuils de coiffure","item":"https:\/\/pac-interiors.be\/fr\/produits\/fauteuils-de-coiffure\/"},{"@type":"ListItem","position":4,"name":"Fauteuil de coiffure OLYMP &#8211; Mellow base ronde"}]},{"@type":"WebSite","@id":"https:\/\/pac-interiors.be\/fr\/#website","url":"https:\/\/pac-interiors.be\/fr\/","name":"PAC interiors","description":"Kapsalon inrichtingen, winkelinrichtingen en inrichting van schoonheidssalons","publisher":{"@id":"https:\/\/pac-interiors.be\/fr\/#organization"},"alternateName":"PAC","potentialAction":[{"@type":"SearchAction","target":{"@type":"EntryPoint","urlTemplate":"https:\/\/pac-interiors.be\/fr\/?s={search_term_string}"},"query-input":{"@type":"PropertyValueSpecification","valueRequired":true,"valueName":"search_term_string"}}],"inLanguage":"fr-BE"},{"@type":"Organization","@id":"https:\/\/pac-interiors.be\/fr\/#organization","name":"PAC Interiors","alternateName":"PAC","url":"https:\/\/pac-interiors.be\/fr\/","logo":{"@type":"ImageObject","inLanguage":"fr-BE","@id":"https:\/\/pac-interiors.be\/fr\/#\/schema\/logo\/image\/","url":"https:\/\/pac-interiors.be\/media\/pac.svg","contentUrl":"https:\/\/pac-interiors.be\/media\/pac.svg","caption":"PAC Interiors"},"image":{"@id":"https:\/\/pac-interiors.be\/fr\/#\/schema\/logo\/image\/"}}]}},"_links":{"self":[{"href":"https:\/\/pac-interiors.be\/fr\/wp-json\/wp\/v2\/product\/631","targetHints":{"allow":["GET"]}}],"collection":[{"href":"https:\/\/pac-interiors.be\/fr\/wp-json\/wp\/v2\/product"}],"about":[{"href":"https:\/\/pac-interiors.be\/fr\/wp-json\/wp\/v2\/types\/product"}],"wp:featuredmedia":[{"embeddable":true,"href":"https:\/\/pac-interiors.be\/fr\/wp-json\/wp\/v2\/media\/63"}],"wp:attachment":[{"href":"https:\/\/pac-interiors.be\/fr\/wp-json\/wp\/v2\/media?parent=631"}],"wp:term":[{"taxonomy":"product_brand","embeddable":true,"href":"https:\/\/pac-interiors.be\/fr\/wp-json\/wp\/v2\/product_brand?post=631"},{"taxonomy":"product_cat","embeddable":true,"href":"https:\/\/pac-interiors.be\/fr\/wp-json\/wp\/v2\/product_cat?post=631"},{"taxonomy":"product_tag","embeddable":true,"href":"https:\/\/pac-interiors.be\/fr\/wp-json\/wp\/v2\/product_tag?post=631"}],"curies":[{"name":"wp","href":"https:\/\/api.w.org\/{rel}","templated":true}]}}